{"id":13,"date":"2025-12-05T17:29:55","date_gmt":"2025-12-05T17:29:55","guid":{"rendered":"https:\/\/rizzosarrigorriaga.rkinformatika.online\/?page_id=13"},"modified":"2025-12-18T13:24:45","modified_gmt":"2025-12-18T13:24:45","slug":"servicios","status":"publish","type":"page","link":"https:\/\/rizzosarrigorriaga.com\/eu\/servicios\/","title":{"rendered":"Zerbitzuak"},"content":{"rendered":"<div data-elementor-type=\"wp-page\" data-elementor-id=\"13\" class=\"elementor elementor-13\" data-elementor-post-type=\"page\">\n\t\t\t\t<div class=\"elementor-element elementor-element-979a28b e-flex e-con-boxed e-con e-parent\" data-id=\"979a28b\" data-element_type=\"container\" data-e-type=\"container\" data-settings=\"{&quot;background_background&quot;:&quot;classic&quot;}\">\n\t\t\t\t\t<div class=\"e-con-inner\">\n\t\t\t\t<div class=\"elementor-element elementor-element-d5ad6f6 elementor-widget elementor-widget-heading\" data-id=\"d5ad6f6\" data-element_type=\"widget\" data-e-type=\"widget\" data-widget_type=\"heading.default\">\n\t\t\t\t\t<h2 class=\"elementor-heading-title elementor-size-default\">Tu cabello,<br>\n nuestra pasi\u00f3n.<\/h2>\t\t\t\t<\/div>\n\t\t\t\t\t<\/div>\n\t\t\t\t<\/div>\n\t\t<div class=\"elementor-element elementor-element-8d449b6 e-flex e-con-boxed e-con e-parent\" data-id=\"8d449b6\" data-element_type=\"container\" data-e-type=\"container\">\n\t\t\t\t\t<div class=\"e-con-inner\">\n\t\t<div class=\"elementor-element elementor-element-a3d9868 e-con-full e-flex e-con e-child\" data-id=\"a3d9868\" data-element_type=\"container\" data-e-type=\"container\">\n\t\t\t\t<div class=\"elementor-element elementor-element-c01b61d elementor-widget elementor-widget-heading\" data-id=\"c01b61d\" data-element_type=\"widget\" data-e-type=\"widget\" data-widget_type=\"heading.default\">\n\t\t\t\t\t<h2 class=\"elementor-heading-title elementor-size-default\">Unisex ile-apaindegia<\/h2>\t\t\t\t<\/div>\n\t\t\t\t<div class=\"elementor-element elementor-element-03c01cc elementor-widget elementor-widget-text-editor\" data-id=\"03c01cc\" data-element_type=\"widget\" data-e-type=\"widget\" data-widget_type=\"text-editor.default\">\n\t\t\t\t\t\t\t\t\t<ul><li data-start=\"879\" data-end=\"924\"><p data-start=\"881\" data-end=\"924\">Cortes personalizados para mujer y hombre<\/p><\/li><li data-start=\"925\" data-end=\"981\"><p data-start=\"927\" data-end=\"981\">Asesoramiento seg\u00fan estilo, rostro y tipo de cabello<\/p><\/li><\/ul>\t\t\t\t\t\t\t\t<\/div>\n\t\t\t\t<\/div>\n\t\t<div class=\"elementor-element elementor-element-f46ec26 e-con-full e-flex e-con e-child\" data-id=\"f46ec26\" data-element_type=\"container\" data-e-type=\"container\">\n\t\t\t\t<div class=\"elementor-element elementor-element-b9ad389 elementor-widget elementor-widget-heading\" data-id=\"b9ad389\" data-element_type=\"widget\" data-e-type=\"widget\" data-widget_type=\"heading.default\">\n\t\t\t\t\t<h2 class=\"elementor-heading-title elementor-size-default\">Kolorazioa eta Joerako Teknikak<\/h2>\t\t\t\t<\/div>\n\t\t\t\t<div class=\"elementor-element elementor-element-e453f75 elementor-widget elementor-widget-text-editor\" data-id=\"e453f75\" data-element_type=\"widget\" data-e-type=\"widget\" data-widget_type=\"text-editor.default\">\n\t\t\t\t\t\t\t\t\t<ul><li data-start=\"1025\" data-end=\"1051\"><p data-start=\"1027\" data-end=\"1051\">Coloraci\u00f3n profesional<\/p><\/li><li data-start=\"1052\" data-end=\"1068\"><p data-start=\"1054\" data-end=\"1068\">Balayage<\/p><\/li><li data-start=\"1069\" data-end=\"1087\"><p data-start=\"1071\" data-end=\"1087\">Babylights<\/p><\/li><li data-start=\"1088\" data-end=\"1164\"><p data-start=\"1090\" data-end=\"1164\">Barros capilares, una alternativa m\u00e1s natural que respeta el cabello<\/p><\/li><\/ul>\t\t\t\t\t\t\t\t<\/div>\n\t\t\t\t<\/div>\n\t\t<div class=\"elementor-element elementor-element-8494678 e-con-full e-flex e-con e-child\" data-id=\"8494678\" data-element_type=\"container\" data-e-type=\"container\">\n\t\t\t\t<div class=\"elementor-element elementor-element-b981ec7 elementor-widget elementor-widget-heading\" data-id=\"b981ec7\" data-element_type=\"widget\" data-e-type=\"widget\" data-widget_type=\"heading.default\">\n\t\t\t\t\t<h2 class=\"elementor-heading-title elementor-size-default\">Ile-tratamendu pertsonalizatuak<\/h2>\t\t\t\t<\/div>\n\t\t\t\t<div class=\"elementor-element elementor-element-fa34538 elementor-widget elementor-widget-text-editor\" data-id=\"fa34538\" data-element_type=\"widget\" data-e-type=\"widget\" data-widget_type=\"text-editor.default\">\n\t\t\t\t\t\t\t\t\t<ul><li data-start=\"1268\" data-end=\"1285\"><p data-start=\"1270\" data-end=\"1285\">Detox capilar<\/p><\/li><li data-start=\"1286\" data-end=\"1310\"><p data-start=\"1288\" data-end=\"1310\">Hidrataci\u00f3n profunda<\/p><\/li><li data-start=\"1311\" data-end=\"1340\"><p data-start=\"1313\" data-end=\"1340\">Tratamientos de prote\u00ednas<\/p><\/li><li data-start=\"1341\" data-end=\"1367\"><p data-start=\"1343\" data-end=\"1367\">Tratamientos de brillo<\/p><\/li><li data-start=\"1368\" data-end=\"1428\"><p data-start=\"1370\" data-end=\"1428\">Ecoplex, para proteger y fortalecer la fibra capilar<\/p><\/li><\/ul>\t\t\t\t\t\t\t\t<\/div>\n\t\t\t\t<\/div>\n\t\t\t\t\t<\/div>\n\t\t\t\t<\/div>\n\t\t<div class=\"elementor-element elementor-element-70a5c39 e-flex e-con-boxed e-con e-parent\" data-id=\"70a5c39\" data-element_type=\"container\" data-e-type=\"container\">\n\t\t\t\t\t<div class=\"e-con-inner\">\n\t\t<div class=\"elementor-element elementor-element-6d80112 e-con-full e-flex e-con e-child\" data-id=\"6d80112\" data-element_type=\"container\" data-e-type=\"container\">\n\t\t\t\t<div class=\"elementor-element elementor-element-a6b1997 elementor-widget elementor-widget-heading\" data-id=\"a6b1997\" data-element_type=\"widget\" data-e-type=\"widget\" data-widget_type=\"heading.default\">\n\t\t\t\t\t<h2 class=\"elementor-heading-title elementor-size-default\">Orrazkera bereziak<\/h2>\t\t\t\t<\/div>\n\t\t\t\t<div class=\"elementor-element elementor-element-c972a20 elementor-widget elementor-widget-text-editor\" data-id=\"c972a20\" data-element_type=\"widget\" data-e-type=\"widget\" data-widget_type=\"text-editor.default\">\n\t\t\t\t\t\t\t\t\t<ul data-start=\"1457\" data-end=\"1521\"><li data-start=\"1457\" data-end=\"1521\"><p data-start=\"1459\" data-end=\"1521\">Recogidos para eventos, celebraciones y ocasiones especiales<\/p><\/li><\/ul>\t\t\t\t\t\t\t\t<\/div>\n\t\t\t\t<\/div>\n\t\t<div class=\"elementor-element elementor-element-89eb68b e-con-full e-flex e-con e-child\" data-id=\"89eb68b\" data-element_type=\"container\" data-e-type=\"container\">\n\t\t\t\t<div class=\"elementor-element elementor-element-86cc856 elementor-widget elementor-widget-heading\" data-id=\"86cc856\" data-element_type=\"widget\" data-e-type=\"widget\" data-widget_type=\"heading.default\">\n\t\t\t\t\t<h2 class=\"elementor-heading-title elementor-size-default\">Zerbitzu tekniko naturalak<\/h2>\t\t\t\t<\/div>\n\t\t\t\t<div class=\"elementor-element elementor-element-beb5c76 elementor-widget elementor-widget-text-editor\" data-id=\"beb5c76\" data-element_type=\"widget\" data-e-type=\"widget\" data-widget_type=\"text-editor.default\">\n\t\t\t\t\t\t\t\t\t<ul><li data-start=\"1559\" data-end=\"1582\"><p data-start=\"1561\" data-end=\"1582\">Alisado natural<\/p><\/li><li data-start=\"1583\" data-end=\"1676\"><p data-start=\"1585\" data-end=\"1676\">Permanente natural, sin amoniaco ni tio, cuidando al m\u00e1ximo la estructura del cabello<\/p><\/li><\/ul>\t\t\t\t\t\t\t\t<\/div>\n\t\t\t\t<\/div>\n\t\t\t\t\t<\/div>\n\t\t\t\t<\/div>\n\t\t<div class=\"elementor-element elementor-element-c8062c6 e-flex e-con-boxed e-con e-parent\" data-id=\"c8062c6\" data-element_type=\"container\" data-e-type=\"container\">\n\t\t\t\t\t<div class=\"e-con-inner\">\n\t\t\t\t<div class=\"elementor-element elementor-element-4528251 elementor-widget elementor-widget-gallery\" data-id=\"4528251\" data-element_type=\"widget\" data-e-type=\"widget\" data-settings=\"{&quot;gallery_layout&quot;:&quot;justified&quot;,&quot;ideal_row_height&quot;:{&quot;unit&quot;:&quot;px&quot;,&quot;size&quot;:340,&quot;sizes&quot;:[]},&quot;ideal_row_height_mobile&quot;:{&quot;unit&quot;:&quot;px&quot;,&quot;size&quot;:230,&quot;sizes&quot;:[]},&quot;lazyload&quot;:&quot;yes&quot;,&quot;ideal_row_height_tablet&quot;:{&quot;unit&quot;:&quot;px&quot;,&quot;size&quot;:150,&quot;sizes&quot;:[]},&quot;gap&quot;:{&quot;unit&quot;:&quot;px&quot;,&quot;size&quot;:10,&quot;sizes&quot;:[]},&quot;gap_tablet&quot;:{&quot;unit&quot;:&quot;px&quot;,&quot;size&quot;:10,&quot;sizes&quot;:[]},&quot;gap_mobile&quot;:{&quot;unit&quot;:&quot;px&quot;,&quot;size&quot;:10,&quot;sizes&quot;:[]},&quot;link_to&quot;:&quot;file&quot;,&quot;overlay_background&quot;:&quot;yes&quot;,&quot;content_hover_animation&quot;:&quot;fade-in&quot;}\" data-widget_type=\"gallery.default\">\n\t\t\t\t\t\t\t<div class=\"elementor-gallery__container\">\n\t\t\t\t\t\t\t<a class=\"e-gallery-item elementor-gallery-item elementor-animated-content\" href=\"https:\/\/rizzosarrigorriaga.com\/wp-content\/uploads\/2025\/12\/IMG_9647-Nuria-Garcia-Diaz-De-Tuesta.jpeg\" data-elementor-open-lightbox=\"yes\" data-elementor-lightbox-slideshow=\"4528251\" data-elementor-lightbox-title=\"IMG_9647 - Nuria Garc\u00eda Diaz De Tuesta\" data-e-action-hash=\"#elementor-action%3Aaction%3Dlightbox%26settings%3DeyJpZCI6MjM2LCJ1cmwiOiJodHRwczpcL1wvcml6em9zYXJyaWdvcnJpYWdhLmNvbVwvd3AtY29udGVudFwvdXBsb2Fkc1wvMjAyNVwvMTJcL0lNR185NjQ3LU51cmlhLUdhcmNpYS1EaWF6LURlLVR1ZXN0YS5qcGVnIiwic2xpZGVzaG93IjoiNDUyODI1MSJ9\">\n\t\t\t\t\t<div class=\"e-gallery-image elementor-gallery-item__image\" data-thumbnail=\"https:\/\/rizzosarrigorriaga.com\/wp-content\/uploads\/2025\/12\/IMG_9647-Nuria-Garcia-Diaz-De-Tuesta.jpeg\" data-width=\"800\" data-height=\"600\" aria-label=\"\" role=\"img\" ><\/div>\n\t\t\t\t\t\t\t\t\t\t\t<div class=\"elementor-gallery-item__overlay\"><\/div>\n\t\t\t\t\t\t\t\t\t\t\t\t\t\t<\/a>\n\t\t\t\t\t\t\t<a class=\"e-gallery-item elementor-gallery-item elementor-animated-content\" href=\"https:\/\/rizzosarrigorriaga.com\/wp-content\/uploads\/2025\/12\/IMG_9646-Nuria-Garcia-Diaz-De-Tuesta.jpeg\" data-elementor-open-lightbox=\"yes\" data-elementor-lightbox-slideshow=\"4528251\" data-elementor-lightbox-title=\"IMG_9646 - Nuria Garc\u00eda Diaz De Tuesta\" data-e-action-hash=\"#elementor-action%3Aaction%3Dlightbox%26settings%3DeyJpZCI6MjM3LCJ1cmwiOiJodHRwczpcL1wvcml6em9zYXJyaWdvcnJpYWdhLmNvbVwvd3AtY29udGVudFwvdXBsb2Fkc1wvMjAyNVwvMTJcL0lNR185NjQ2LU51cmlhLUdhcmNpYS1EaWF6LURlLVR1ZXN0YS5qcGVnIiwic2xpZGVzaG93IjoiNDUyODI1MSJ9\">\n\t\t\t\t\t<div class=\"e-gallery-image elementor-gallery-item__image\" data-thumbnail=\"https:\/\/rizzosarrigorriaga.com\/wp-content\/uploads\/2025\/12\/IMG_9646-Nuria-Garcia-Diaz-De-Tuesta-1024x520.jpeg\" data-width=\"800\" data-height=\"406\" aria-label=\"\" role=\"img\" ><\/div>\n\t\t\t\t\t\t\t\t\t\t\t<div class=\"elementor-gallery-item__overlay\"><\/div>\n\t\t\t\t\t\t\t\t\t\t\t\t\t\t<\/a>\n\t\t\t\t\t\t\t<a class=\"e-gallery-item elementor-gallery-item elementor-animated-content\" href=\"https:\/\/rizzosarrigorriaga.com\/wp-content\/uploads\/2025\/12\/IMG_9645-Nuria-Garcia-Diaz-De-Tuesta.jpeg\" data-elementor-open-lightbox=\"yes\" data-elementor-lightbox-slideshow=\"4528251\" data-elementor-lightbox-title=\"IMG_9645 - Nuria Garc\u00eda Diaz De Tuesta\" data-e-action-hash=\"#elementor-action%3Aaction%3Dlightbox%26settings%3DeyJpZCI6MjM4LCJ1cmwiOiJodHRwczpcL1wvcml6em9zYXJyaWdvcnJpYWdhLmNvbVwvd3AtY29udGVudFwvdXBsb2Fkc1wvMjAyNVwvMTJcL0lNR185NjQ1LU51cmlhLUdhcmNpYS1EaWF6LURlLVR1ZXN0YS5qcGVnIiwic2xpZGVzaG93IjoiNDUyODI1MSJ9\">\n\t\t\t\t\t<div class=\"e-gallery-image elementor-gallery-item__image\" data-thumbnail=\"https:\/\/rizzosarrigorriaga.com\/wp-content\/uploads\/2025\/12\/IMG_9645-Nuria-Garcia-Diaz-De-Tuesta.jpeg\" data-width=\"800\" data-height=\"580\" aria-label=\"\" role=\"img\" ><\/div>\n\t\t\t\t\t\t\t\t\t\t\t<div class=\"elementor-gallery-item__overlay\"><\/div>\n\t\t\t\t\t\t\t\t\t\t\t\t\t\t<\/a>\n\t\t\t\t\t\t\t<a class=\"e-gallery-item elementor-gallery-item elementor-animated-content\" href=\"https:\/\/rizzosarrigorriaga.com\/wp-content\/uploads\/2025\/12\/IMG_9643-Nuria-Garcia-Diaz-De-Tuesta.jpeg\" data-elementor-open-lightbox=\"yes\" data-elementor-lightbox-slideshow=\"4528251\" data-elementor-lightbox-title=\"IMG_9643 - Nuria Garc\u00eda Diaz De Tuesta\" data-e-action-hash=\"#elementor-action%3Aaction%3Dlightbox%26settings%3DeyJpZCI6MjM5LCJ1cmwiOiJodHRwczpcL1wvcml6em9zYXJyaWdvcnJpYWdhLmNvbVwvd3AtY29udGVudFwvdXBsb2Fkc1wvMjAyNVwvMTJcL0lNR185NjQzLU51cmlhLUdhcmNpYS1EaWF6LURlLVR1ZXN0YS5qcGVnIiwic2xpZGVzaG93IjoiNDUyODI1MSJ9\">\n\t\t\t\t\t<div class=\"e-gallery-image elementor-gallery-item__image\" data-thumbnail=\"https:\/\/rizzosarrigorriaga.com\/wp-content\/uploads\/2025\/12\/IMG_9643-Nuria-Garcia-Diaz-De-Tuesta.jpeg\" data-width=\"800\" data-height=\"588\" aria-label=\"\" role=\"img\" ><\/div>\n\t\t\t\t\t\t\t\t\t\t\t<div class=\"elementor-gallery-item__overlay\"><\/div>\n\t\t\t\t\t\t\t\t\t\t\t\t\t\t<\/a>\n\t\t\t\t\t\t\t<a class=\"e-gallery-item elementor-gallery-item elementor-animated-content\" href=\"https:\/\/rizzosarrigorriaga.com\/wp-content\/uploads\/2025\/12\/IMG_9644-Nuria-Garcia-Diaz-De-Tuesta.jpeg\" data-elementor-open-lightbox=\"yes\" data-elementor-lightbox-slideshow=\"4528251\" data-elementor-lightbox-title=\"IMG_9644 - Nuria Garc\u00eda Diaz De Tuesta\" data-e-action-hash=\"#elementor-action%3Aaction%3Dlightbox%26settings%3DeyJpZCI6MjQwLCJ1cmwiOiJodHRwczpcL1wvcml6em9zYXJyaWdvcnJpYWdhLmNvbVwvd3AtY29udGVudFwvdXBsb2Fkc1wvMjAyNVwvMTJcL0lNR185NjQ0LU51cmlhLUdhcmNpYS1EaWF6LURlLVR1ZXN0YS5qcGVnIiwic2xpZGVzaG93IjoiNDUyODI1MSJ9\">\n\t\t\t\t\t<div class=\"e-gallery-image elementor-gallery-item__image\" data-thumbnail=\"https:\/\/rizzosarrigorriaga.com\/wp-content\/uploads\/2025\/12\/IMG_9644-Nuria-Garcia-Diaz-De-Tuesta.jpeg\" data-width=\"800\" data-height=\"601\" aria-label=\"\" role=\"img\" ><\/div>\n\t\t\t\t\t\t\t\t\t\t\t<div class=\"elementor-gallery-item__overlay\"><\/div>\n\t\t\t\t\t\t\t\t\t\t\t\t\t\t<\/a>\n\t\t\t\t\t<\/div>\n\t\t\t\t\t<\/div>\n\t\t\t\t\t<\/div>\n\t\t\t\t<\/div>\n\t\t\t\t<\/div>","protected":false},"excerpt":{"rendered":"<p>Tu cabello, nuestra pasi\u00f3n. Peluquer\u00eda Unisex Cortes personalizados para mujer y hombre Asesoramiento seg\u00fan estilo, rostro y tipo de cabello Coloraci\u00f3n y T\u00e9cnicas en Tendencia Coloraci\u00f3n profesional Balayage Babylights Barros capilares, una alternativa m\u00e1s natural que respeta el cabello Tratamientos Capilares Personalizados Detox capilar Hidrataci\u00f3n profunda Tratamientos de prote\u00ednas Tratamientos de brillo Ecoplex, para proteger [&hellip;]<\/p>\n","protected":false},"author":1,"featured_media":0,"parent":0,"menu_order":0,"comment_status":"closed","ping_status":"closed","template":"elementor_canvas","meta":{"footnotes":""},"class_list":["post-13","page","type-page","status-publish","hentry"],"yoast_head":"<!-- This site is optimized with the Yoast SEO plugin v27.3 - https:\/\/yoast.com\/product\/yoast-seo-wordpress\/ -->\n<title>Servicios - Rizzos Arrigorriaga<\/title>\n<meta name=\"robots\" content=\"index, follow, max-snippet:-1, max-image-preview:large, max-video-preview:-1\" \/>\n<link rel=\"canonical\" href=\"https:\/\/rizzosarrigorriaga.com\/eu\/servicios\/\" \/>\n<meta property=\"og:locale\" content=\"en_US\" \/>\n<meta property=\"og:type\" content=\"article\" \/>\n<meta property=\"og:title\" content=\"Servicios - Rizzos Arrigorriaga\" \/>\n<meta property=\"og:description\" content=\"Tu cabello, nuestra pasi\u00f3n. Peluquer\u00eda Unisex Cortes personalizados para mujer y hombre Asesoramiento seg\u00fan estilo, rostro y tipo de cabello Coloraci\u00f3n y T\u00e9cnicas en Tendencia Coloraci\u00f3n profesional Balayage Babylights Barros capilares, una alternativa m\u00e1s natural que respeta el cabello Tratamientos Capilares Personalizados Detox capilar Hidrataci\u00f3n profunda Tratamientos de prote\u00ednas Tratamientos de brillo Ecoplex, para proteger [&hellip;]\" \/>\n<meta property=\"og:url\" content=\"https:\/\/rizzosarrigorriaga.com\/eu\/servicios\/\" \/>\n<meta property=\"og:site_name\" content=\"Rizzos Arrigorriaga\" \/>\n<meta property=\"article:modified_time\" content=\"2025-12-18T13:24:45+00:00\" \/>\n<meta name=\"twitter:card\" content=\"summary_large_image\" \/>\n<meta name=\"twitter:label1\" content=\"Est. reading time\" \/>\n\t<meta name=\"twitter:data1\" content=\"1 minutua\" \/>\n<script type=\"application\/ld+json\" class=\"yoast-schema-graph\">{\"@context\":\"https:\\\/\\\/schema.org\",\"@graph\":[{\"@type\":\"WebPage\",\"@id\":\"https:\\\/\\\/rizzosarrigorriaga.com\\\/servicios\\\/\",\"url\":\"https:\\\/\\\/rizzosarrigorriaga.com\\\/servicios\\\/\",\"name\":\"Servicios - Rizzos Arrigorriaga\",\"isPartOf\":{\"@id\":\"https:\\\/\\\/rizzosarrigorriaga.com\\\/#website\"},\"datePublished\":\"2025-12-05T17:29:55+00:00\",\"dateModified\":\"2025-12-18T13:24:45+00:00\",\"breadcrumb\":{\"@id\":\"https:\\\/\\\/rizzosarrigorriaga.com\\\/servicios\\\/#breadcrumb\"},\"inLanguage\":\"eu\",\"potentialAction\":[{\"@type\":\"ReadAction\",\"target\":[\"https:\\\/\\\/rizzosarrigorriaga.com\\\/servicios\\\/\"]}]},{\"@type\":\"BreadcrumbList\",\"@id\":\"https:\\\/\\\/rizzosarrigorriaga.com\\\/servicios\\\/#breadcrumb\",\"itemListElement\":[{\"@type\":\"ListItem\",\"position\":1,\"name\":\"Portada\",\"item\":\"https:\\\/\\\/rizzosarrigorriaga.com\\\/\"},{\"@type\":\"ListItem\",\"position\":2,\"name\":\"Servicios\"}]},{\"@type\":\"WebSite\",\"@id\":\"https:\\\/\\\/rizzosarrigorriaga.com\\\/#website\",\"url\":\"https:\\\/\\\/rizzosarrigorriaga.com\\\/\",\"name\":\"Rizzos Arrigorriaga\",\"description\":\"Peluquer\u00eda Unisex\",\"publisher\":{\"@id\":\"https:\\\/\\\/rizzosarrigorriaga.com\\\/#organization\"},\"potentialAction\":[{\"@type\":\"SearchAction\",\"target\":{\"@type\":\"EntryPoint\",\"urlTemplate\":\"https:\\\/\\\/rizzosarrigorriaga.com\\\/?s={search_term_string}\"},\"query-input\":{\"@type\":\"PropertyValueSpecification\",\"valueRequired\":true,\"valueName\":\"search_term_string\"}}],\"inLanguage\":\"eu\"},{\"@type\":\"Organization\",\"@id\":\"https:\\\/\\\/rizzosarrigorriaga.com\\\/#organization\",\"name\":\"Rizzos Arrigorriaga\",\"url\":\"https:\\\/\\\/rizzosarrigorriaga.com\\\/\",\"logo\":{\"@type\":\"ImageObject\",\"inLanguage\":\"eu\",\"@id\":\"https:\\\/\\\/rizzosarrigorriaga.com\\\/#\\\/schema\\\/logo\\\/image\\\/\",\"url\":\"https:\\\/\\\/rizzosarrigorriaga.com\\\/wp-content\\\/uploads\\\/2025\\\/12\\\/cropped-1.png\",\"contentUrl\":\"https:\\\/\\\/rizzosarrigorriaga.com\\\/wp-content\\\/uploads\\\/2025\\\/12\\\/cropped-1.png\",\"width\":863,\"height\":970,\"caption\":\"Rizzos Arrigorriaga\"},\"image\":{\"@id\":\"https:\\\/\\\/rizzosarrigorriaga.com\\\/#\\\/schema\\\/logo\\\/image\\\/\"}}]}<\/script>\n<!-- \/ Yoast SEO plugin. -->","yoast_head_json":{"title":"Servicios - Rizzos Arrigorriaga","robots":{"index":"index","follow":"follow","max-snippet":"max-snippet:-1","max-image-preview":"max-image-preview:large","max-video-preview":"max-video-preview:-1"},"canonical":"https:\/\/rizzosarrigorriaga.com\/eu\/servicios\/","og_locale":"en_US","og_type":"article","og_title":"Servicios - Rizzos Arrigorriaga","og_description":"Tu cabello, nuestra pasi\u00f3n. Peluquer\u00eda Unisex Cortes personalizados para mujer y hombre Asesoramiento seg\u00fan estilo, rostro y tipo de cabello Coloraci\u00f3n y T\u00e9cnicas en Tendencia Coloraci\u00f3n profesional Balayage Babylights Barros capilares, una alternativa m\u00e1s natural que respeta el cabello Tratamientos Capilares Personalizados Detox capilar Hidrataci\u00f3n profunda Tratamientos de prote\u00ednas Tratamientos de brillo Ecoplex, para proteger [&hellip;]","og_url":"https:\/\/rizzosarrigorriaga.com\/eu\/servicios\/","og_site_name":"Rizzos Arrigorriaga","article_modified_time":"2025-12-18T13:24:45+00:00","twitter_card":"summary_large_image","twitter_misc":{"Est. reading time":"1 minutua"},"schema":{"@context":"https:\/\/schema.org","@graph":[{"@type":"WebPage","@id":"https:\/\/rizzosarrigorriaga.com\/servicios\/","url":"https:\/\/rizzosarrigorriaga.com\/servicios\/","name":"Servicios - Rizzos Arrigorriaga","isPartOf":{"@id":"https:\/\/rizzosarrigorriaga.com\/#website"},"datePublished":"2025-12-05T17:29:55+00:00","dateModified":"2025-12-18T13:24:45+00:00","breadcrumb":{"@id":"https:\/\/rizzosarrigorriaga.com\/servicios\/#breadcrumb"},"inLanguage":"eu","potentialAction":[{"@type":"ReadAction","target":["https:\/\/rizzosarrigorriaga.com\/servicios\/"]}]},{"@type":"BreadcrumbList","@id":"https:\/\/rizzosarrigorriaga.com\/servicios\/#breadcrumb","itemListElement":[{"@type":"ListItem","position":1,"name":"Portada","item":"https:\/\/rizzosarrigorriaga.com\/"},{"@type":"ListItem","position":2,"name":"Servicios"}]},{"@type":"WebSite","@id":"https:\/\/rizzosarrigorriaga.com\/#website","url":"https:\/\/rizzosarrigorriaga.com\/","name":"Rizzos Arrigorriaga","description":"Unisex ile-apaindegia","publisher":{"@id":"https:\/\/rizzosarrigorriaga.com\/#organization"},"potentialAction":[{"@type":"SearchAction","target":{"@type":"EntryPoint","urlTemplate":"https:\/\/rizzosarrigorriaga.com\/?s={search_term_string}"},"query-input":{"@type":"PropertyValueSpecification","valueRequired":true,"valueName":"search_term_string"}}],"inLanguage":"eu"},{"@type":"Organization","@id":"https:\/\/rizzosarrigorriaga.com\/#organization","name":"Rizzos Arrigorriaga","url":"https:\/\/rizzosarrigorriaga.com\/","logo":{"@type":"ImageObject","inLanguage":"eu","@id":"https:\/\/rizzosarrigorriaga.com\/#\/schema\/logo\/image\/","url":"https:\/\/rizzosarrigorriaga.com\/wp-content\/uploads\/2025\/12\/cropped-1.png","contentUrl":"https:\/\/rizzosarrigorriaga.com\/wp-content\/uploads\/2025\/12\/cropped-1.png","width":863,"height":970,"caption":"Rizzos Arrigorriaga"},"image":{"@id":"https:\/\/rizzosarrigorriaga.com\/#\/schema\/logo\/image\/"}}]}},"_links":{"self":[{"href":"https:\/\/rizzosarrigorriaga.com\/eu\/wp-json\/wp\/v2\/pages\/13","targetHints":{"allow":["GET"]}}],"collection":[{"href":"https:\/\/rizzosarrigorriaga.com\/eu\/wp-json\/wp\/v2\/pages"}],"about":[{"href":"https:\/\/rizzosarrigorriaga.com\/eu\/wp-json\/wp\/v2\/types\/page"}],"author":[{"embeddable":true,"href":"https:\/\/rizzosarrigorriaga.com\/eu\/wp-json\/wp\/v2\/users\/1"}],"replies":[{"embeddable":true,"href":"https:\/\/rizzosarrigorriaga.com\/eu\/wp-json\/wp\/v2\/comments?post=13"}],"version-history":[{"count":73,"href":"https:\/\/rizzosarrigorriaga.com\/eu\/wp-json\/wp\/v2\/pages\/13\/revisions"}],"predecessor-version":[{"id":312,"href":"https:\/\/rizzosarrigorriaga.com\/eu\/wp-json\/wp\/v2\/pages\/13\/revisions\/312"}],"wp:attachment":[{"href":"https:\/\/rizzosarrigorriaga.com\/eu\/wp-json\/wp\/v2\/media?parent=13"}],"curies":[{"name":"wp","href":"https:\/\/api.w.org\/{rel}","templated":true}]}}